{"id":17,"date":"2018-09-02T17:01:06","date_gmt":"2018-09-02T15:01:06","guid":{"rendered":"https:\/\/beatus.me\/de\/?page_id=17"},"modified":"2020-10-23T14:11:24","modified_gmt":"2020-10-23T12:11:24","slug":"kontakt","status":"publish","type":"page","link":"https:\/\/beatus.me\/de\/kontakt\/","title":{"rendered":"Kontakt"},"content":{"rendered":"<h3><a href=\"mailto:info@beatus.me\"><strong>info@beatus.me<\/strong><\/a><\/h3>\n<p>Gern kannst du einen Termin f\u00fcr eine <strong>online-Konsultation<\/strong> buchen, indem du mich \u00fcber die obenstehende E-mail Adresse kontaktierst.<\/p>\n<p>Auch f\u00fcr allf\u00e4llige R\u00fcckmeldungen oder eine anderweitige Kontaktaufnahme steht dir die obenstehende E-mail Adresse zur Verf\u00fcgung! Im voraus herzlichen Dank.<\/p>\n<p>\u00a0<\/p>\n\n\n<p><\/p>\n","protected":false},"excerpt":{"rendered":"<p>info@beatus.me Gern kannst du einen Termin f\u00fcr eine online-Konsultation buchen, indem du mich \u00fcber die obenstehende E-mail Adresse kontaktierst. Auch f\u00fcr allf\u00e4llige R\u00fcckmeldungen oder eine anderweitige Kontaktaufnahme steht dir die obenstehende E-mail Adresse zur Verf\u00fcgung! Im voraus herzlichen Dank. \u00a0<\/p>\n","protected":false},"author":1,"featured_media":0,"parent":0,"menu_order":0,"comment_status":"closed","ping_status":"closed","template":"","meta":{"footnotes":""},"class_list":["post-17","page","type-page","status-publish","hentry"],"_links":{"self":[{"href":"https:\/\/beatus.me\/de\/wp-json\/wp\/v2\/pages\/17","targetHints":{"allow":["GET"]}}],"collection":[{"href":"https:\/\/beatus.me\/de\/wp-json\/wp\/v2\/pages"}],"about":[{"href":"https:\/\/beatus.me\/de\/wp-json\/wp\/v2\/types\/page"}],"author":[{"embeddable":true,"href":"https:\/\/beatus.me\/de\/wp-json\/wp\/v2\/users\/1"}],"replies":[{"embeddable":true,"href":"https:\/\/beatus.me\/de\/wp-json\/wp\/v2\/comments?post=17"}],"version-history":[{"count":7,"href":"https:\/\/beatus.me\/de\/wp-json\/wp\/v2\/pages\/17\/revisions"}],"predecessor-version":[{"id":73,"href":"https:\/\/beatus.me\/de\/wp-json\/wp\/v2\/pages\/17\/revisions\/73"}],"wp:attachment":[{"href":"https:\/\/beatus.me\/de\/wp-json\/wp\/v2\/media?parent=17"}],"curies":[{"name":"wp","href":"https:\/\/api.w.org\/{rel}","templated":true}]}}